{"id":1195,"date":"2013-04-05T16:38:18","date_gmt":"2013-04-05T16:38:18","guid":{"rendered":"http:\/\/www.kriesi.at\/themes\/enfold\/?page_id=1195"},"modified":"2023-05-22T11:44:47","modified_gmt":"2023-05-22T11:44:47","slug":"hakkimizda","status":"publish","type":"page","link":"https:\/\/medyamest.com\/index.php\/hakkimizda\/","title":{"rendered":"Hakk\u0131m\u0131zda"},"content":{"rendered":"<div id='av_section_1'  class='avia-section av-2jmmx7-e40ca836518e142e9498dd59da7e5305 main_color avia-section-default avia-no-border-styling  avia-builder-el-0  avia-builder-el-no-sibling  avia-bg-style-scroll container_wrap fullsize'  ><div class='container av-section-cont-open' ><main  role=\"main\" itemprop=\"mainContentOfPage\"  class='template-page content  av-content-full alpha units'><div class='post-entry post-entry-type-page post-entry-1195'><div class='entry-content-wrapper clearfix'>\n<section  class='av_textblock_section av-lhsf1bpy-1ecceb32ab181a904aef30c4583b8a2e'  itemscope=\"itemscope\" itemtype=\"https:\/\/schema.org\/CreativeWork\" ><div class='avia_textblock'  itemprop=\"text\" ><p>2000 y\u0131l\u0131nda \u00e7\u0131kt\u0131\u011f\u0131m\u0131z bu yolda, gerek bireysel, gerek organizasyon firmalar\u0131na tedarik\u00e7i kimli\u011fimiz ile 2022 y\u0131l\u0131na kadar sekt\u00f6rdeki deneyimlerimizi artt\u0131rd\u0131k ve etkinlik sekt\u00f6r\u00fcnde, profesyonel bak\u0131\u015f a\u00e7\u0131m\u0131z ile <strong>Medya Mest<\/strong> markas\u0131 ile yerimizi almaya karar verdik.<\/p>\n<p>Bug\u00fcne kadar BZ Organizasyon firmas\u0131 olarak \u00f6zel kurumlar\u0131n a\u00e7\u0131l\u0131\u015f davetlerini ger\u00e7ekle\u015ftirmenin, \u00f6d\u00fcl t\u00f6renlerinin organizasyonlar\u0131 d\u00fczenlemenin, tiyatro oyunlar\u0131n\u0131 sahnelenmesinin, sinema ve tv filmlerinin yap\u0131m soru bir\u00e7ok sanat\u00e7\u0131n\u0131n sahne \u00e7al\u0131\u015fmalar\u0131n\u0131, alb\u00fcm, kitap lansmanlar\u0131n\u0131 d\u00fczenlemenin yan\u0131 s\u0131ra ayr\u0131ca bir\u00e7ok etkinliklere imza atm\u0131\u015f firmalar olarak hakl\u0131 gururu ya\u015fad\u0131k ve devam eden \u00e7al\u0131\u015fmalar\u0131m\u0131z\u0131 i\u015f birlikteli\u011fimizi, tecr\u00fcbelerimizi, <strong>Medya Mest<\/strong> markas\u0131 ad\u0131 alt\u0131nda birle\u015ftirerek devam ediyoruz. Her ge\u00e7en g\u00fcn b\u00fcy\u00fcyen portf\u00f6y\u00fcm\u00fcz ile etkinlik ve organizasyon sekt\u00f6r\u00fcnde <strong>Medya Mest<\/strong> markas\u0131 olarak siz de\u011ferli kurumlara ve sanat\u00e7\u0131lar\u0131m\u0131za s\u00fcrekli kendini geli\u015ftiren, sekt\u00f6r\u00fcn ihtiya\u00e7lar\u0131n\u0131 \u00f6nceden g\u00f6r\u00fcp planlama ve yat\u0131r\u0131m\u0131na y\u00f6n veren, kusursuz ve maksimum memnuniyet anlay\u0131\u015f\u0131 ile \u00e7\u00f6z\u00fcm orta\u011f\u0131n\u0131z olarak sizlere uzun y\u0131llar hizmet vermeye devam edece\u011fiz. .<\/p>\n<p>T\u00fcrkiye \u00e7ap\u0131nda a\u00e7\u0131l\u0131\u015f organizasyonlar\u0131n\u0131z, etkinlikleriniz, festivalleriniz, konserleriniz, sinema filmlerinizin, dizilerinizin, reklamlar\u0131n\u0131z \u00e7ekimleri i\u00e7in geni\u015f ekipman yelpazesi ve y\u0131llar\u0131n tecr\u00fcbesi ile sizlere hizmet vermekteyiz.<\/p>\n<p>Her t\u00fcrl\u00fc organizasyon ve etkinliklerinizde g\u00f6rev alan t\u00fcm ekip arkada\u015flar\u0131m\u0131z yeteneklerini<\/p>\n<p>ve tecr\u00fcbelerini g\u00f6stermek i\u00e7in sizin talep ve \u00f6nerilerini dikkate al\u0131p titiz \u00e7al\u0131\u015fmalar\u0131n sonucunda planlayarak tatbik eden ve siz fark\u0131nda olmadan organizasyonu haz\u0131r hale getirerek sizlere ve de\u011ferli konuklar\u0131n\u0131za unutulmaz olmas\u0131n\u0131 sa\u011flamak \u00fczere e\u011fitimlerini alm\u0131\u015flard\u0131r.<\/p>\n<p>E\u011flenceli ama i\u015fini ciddiye alan, samimi ama prensip sahibi olan, amat\u00f6r ruhla ama profesyonel i\u015f anlay\u0131\u015f\u0131yla \u00e7al\u0131\u015fan ekip arkada\u015flar\u0131m\u0131zla sizlere hizmet vermek i\u00e7in buraday\u0131z.<\/p>\n<\/div><\/section>\n\n","protected":false},"excerpt":{"rendered":"","protected":false},"author":1,"featured_media":0,"parent":0,"menu_order":0,"comment_status":"closed","ping_status":"closed","template":"","meta":{"footnotes":""},"class_list":["post-1195","page","type-page","status-publish","hentry"],"_links":{"self":[{"href":"https:\/\/medyamest.com\/index.php\/wp-json\/wp\/v2\/pages\/1195","targetHints":{"allow":["GET"]}}],"collection":[{"href":"https:\/\/medyamest.com\/index.php\/wp-json\/wp\/v2\/pages"}],"about":[{"href":"https:\/\/medyamest.com\/index.php\/wp-json\/wp\/v2\/types\/page"}],"author":[{"embeddable":true,"href":"https:\/\/medyamest.com\/index.php\/wp-json\/wp\/v2\/users\/1"}],"replies":[{"embeddable":true,"href":"https:\/\/medyamest.com\/index.php\/wp-json\/wp\/v2\/comments?post=1195"}],"version-history":[{"count":4,"href":"https:\/\/medyamest.com\/index.php\/wp-json\/wp\/v2\/pages\/1195\/revisions"}],"predecessor-version":[{"id":3519,"href":"https:\/\/medyamest.com\/index.php\/wp-json\/wp\/v2\/pages\/1195\/revisions\/3519"}],"wp:attachment":[{"href":"https:\/\/medyamest.com\/index.php\/wp-json\/wp\/v2\/media?parent=1195"}],"curies":[{"name":"wp","href":"https:\/\/api.w.org\/{rel}","templated":true}]}}