{"id":1167,"date":"2013-04-05T13:33:38","date_gmt":"2013-04-05T13:33:38","guid":{"rendered":"http:\/\/www.kriesi.at\/themes\/enfold\/?page_id=1167"},"modified":"2023-05-22T11:02:37","modified_gmt":"2023-05-22T11:02:37","slug":"iletisim","status":"publish","type":"page","link":"https:\/\/medyamest.com\/index.php\/iletisim\/","title":{"rendered":"\u0130leti\u015fim"},"content":{"rendered":"<div class='flex_column av-f7z6db-4bec915298d80fe9467f9aa3798d2bae av_one_full  avia-builder-el-0  avia-builder-el-no-sibling  first flex_column_div '     ><section  class='av_textblock_section av-lhypgdu8-65e17863eb1249b1c148885926b3941c'  itemscope=\"itemscope\" itemtype=\"https:\/\/schema.org\/CreativeWork\" ><div class='avia_textblock'  itemprop=\"text\" ><p style=\"text-align: center;\"><strong>Burhan Zorlu<\/strong><\/p>\n<p style=\"text-align: center;\"><strong>Genel M\u00fcd\u00fcr<\/strong><\/p>\n<p style=\"text-align: center;\">Adres: Talatpa\u015fa Cad. Fuatpa\u015fa Sok. Ata Kona\u011f\u0131 No: 16 \/ 1\u00a0 Daire: 5<\/p>\n<p style=\"text-align: center;\">Bah\u00e7elievler \/ \u0130STANBUL<br \/>\nTel: <a href=\"tel:02125571775\">+90 212 557 17 75<\/a><br \/>\nGsm: <a href=\"tel:05326119711\">+90 532 611 97 11<\/a><br \/>\ne-mail: <a href=\"mailto:info@medyamest.com\">info@medyamest.com<\/a><br \/>\n<a href=\"https:\/\/medyamest.com\/\">www.medyamest.com<\/a><\/p>\n<\/div><\/section><br \/>\n<form action=\"https:\/\/medyamest.com\/index.php\/iletisim\/\" method=\"post\"  class=\"avia_ajax_form av-form-labels-visible   avia-builder-el-2  el_after_av_textblock  avia-builder-el-last   \" data-avia-form-id=\"1\" data-avia-redirect='' ><fieldset><p class='  first_form  form_element form_element_half' id='element_avia_1_1'><label for=\"avia_1_1\">Ad\u0131n\u0131z <abbr class=\"required\" title=\"Zorunlu\">*<\/abbr><\/label> <input name=\"avia_1_1\" class=\"text_input is_empty\" type=\"text\" id=\"avia_1_1\" value=\"\" \/><\/p><p class='  form_element form_element_half' id='element_avia_2_1'><label for=\"avia_2_1\">E-Mail<\/label> <input name=\"avia_2_1\" class=\"text_input \" type=\"text\" id=\"avia_2_1\" value=\"\" \/><\/p><p class='  first_form  form_element form_fullwidth' id='element_avia_3_1'><label for=\"avia_3_1\">Konu <abbr class=\"required\" title=\"Zorunlu\">*<\/abbr><\/label> <input name=\"avia_3_1\" class=\"text_input is_empty\" type=\"text\" id=\"avia_3_1\" value=\"\" \/><\/p><p class='  first_form  form_element form_fullwidth av-last-visible-form-element' id='element_avia_4_1'><label for=\"avia_4_1\" class=\"textare_label hidden textare_label_avia_4_1\">Mesaj <abbr class=\"required\" title=\"Zorunlu\">*<\/abbr><\/label><textarea  name=\"avia_4_1\" class=\"text_area is_empty\" cols=\"40\" rows=\"7\" id=\"avia_4_1\" ><\/textarea><\/p><p class=\"hidden\"><input type=\"text\" name=\"avia_5_1\" class=\"hidden \" id=\"avia_5_1\" value=\"\" \/><\/p><p class=\"form_element \"><input type=\"hidden\" value=\"1\" name=\"avia_generated_form1\" \/><input type=\"submit\" value=\"G\u00f6nder\" class=\"button\"  data-sending-label=\"G\u00f6nderiliyor\"\/><\/p><\/fieldset><\/form><div id=\"ajaxresponse_1\" class=\"ajaxresponse ajaxresponse_1 hidden\"><\/div><\/p><\/div>\n","protected":false},"excerpt":{"rendered":"","protected":false},"author":1,"featured_media":0,"parent":0,"menu_order":0,"comment_status":"closed","ping_status":"closed","template":"","meta":{"footnotes":""},"class_list":["post-1167","page","type-page","status-publish","hentry"],"_links":{"self":[{"href":"https:\/\/medyamest.com\/index.php\/wp-json\/wp\/v2\/pages\/1167","targetHints":{"allow":["GET"]}}],"collection":[{"href":"https:\/\/medyamest.com\/index.php\/wp-json\/wp\/v2\/pages"}],"about":[{"href":"https:\/\/medyamest.com\/index.php\/wp-json\/wp\/v2\/types\/page"}],"author":[{"embeddable":true,"href":"https:\/\/medyamest.com\/index.php\/wp-json\/wp\/v2\/users\/1"}],"replies":[{"embeddable":true,"href":"https:\/\/medyamest.com\/index.php\/wp-json\/wp\/v2\/comments?post=1167"}],"version-history":[{"count":8,"href":"https:\/\/medyamest.com\/index.php\/wp-json\/wp\/v2\/pages\/1167\/revisions"}],"predecessor-version":[{"id":3517,"href":"https:\/\/medyamest.com\/index.php\/wp-json\/wp\/v2\/pages\/1167\/revisions\/3517"}],"wp:attachment":[{"href":"https:\/\/medyamest.com\/index.php\/wp-json\/wp\/v2\/media?parent=1167"}],"curies":[{"name":"wp","href":"https:\/\/api.w.org\/{rel}","templated":true}]}}